{"id":543,"date":"2024-02-22T16:05:16","date_gmt":"2024-02-22T16:05:16","guid":{"rendered":"https:\/\/itaaliapitsa.ee\/kontakt\/"},"modified":"2024-02-23T09:40:11","modified_gmt":"2024-02-23T09:40:11","slug":"kontakt","status":"publish","type":"page","link":"https:\/\/itaaliapitsa.ee\/en\/kontakt\/","title":{"rendered":"Contact"},"content":{"rendered":"<!--themify_builder_content-->\n<div id=\"themify_builder_content-543\" data-postid=\"543\" class=\"themify_builder_content themify_builder_content-543 themify_builder tf_clear\">\n                    <div  data-css_id=\"ff7b753\" data-lazy=\"1\" class=\"module_row themify_builder_row fullwidth_row_container tb_ff7b753 tb_first tf_w\">\n            <span  class=\"builder_row_cover tf_abs\" data-lazy=\"1\"><\/span>            <div class=\"row_inner col_align_top tb_col_count_1 tf_box tf_rel\">\n                        <div  data-lazy=\"1\" class=\"module_column tb-column col-full tb_6rgm754 first\">\n                    <!-- module text -->\n<div  class=\"module module-text tb_cym7755   \" data-lazy=\"1\">\n        <div  class=\"tb_text_wrap\">\n        <h1><strong>Contact<\/strong><\/h1>\n    <\/div>\n<\/div>\n<!-- \/module text -->        <\/div>\n                        <\/div>\n        <\/div>\n                        <div  data-lazy=\"1\" class=\"module_row themify_builder_row tb_nwa1258 tf_w\">\n                        <div class=\"row_inner col_align_top tb_col_count_1 tf_box tf_rel\">\n                        <div  data-lazy=\"1\" class=\"module_column tb-column col-full tb_lw1y258 first\">\n                    <!-- module text -->\n<div  class=\"module module-text tb_m671920   \" data-lazy=\"1\">\n        <div  class=\"tb_text_wrap\">\n        <h2><strong>J\u00dcRI ITAALIAPITSA \/ GOURMET COFFEE SHOP:<\/strong><\/h2>\n    <\/div>\n<\/div>\n<!-- \/module text --><!-- module text -->\n<div  class=\"module module-text tb_zkkq411   \" data-lazy=\"1\">\n        <div  class=\"tb_text_wrap\">\n        <p><strong>COMPANY DETAILS:<\/strong><\/p>\n<p>Itaaliapitsa O\u00dc<br>Reg. code: : 12419000<br>M\u00f5isa tee 8-29, J\u00fcri alevik, Rae vald, Harju maakond, 75301<\/p>\n<p><strong>BANK INFORMATION:<\/strong><br>Swedbank AS EE212200221056822176<br>SWIFT code\/BIC: HABAEE2X<br>Bank: Swedbank AS<br>Country: Estonia<\/p>\n<p><a href=\"tel:+3725511234\">+372 55 11 234<\/a><\/p>    <\/div>\n<\/div>\n<!-- \/module text -->        <div  data-lazy=\"1\" class=\"module_subrow themify_builder_sub_row tf_w col_align_top tb_col_count_2 tb_we3o11\">\n                <div  data-lazy=\"1\" class=\"module_column sub_column col4-2 tb_idzy12 first\">\n                    <!-- module plain text -->\n<div  class=\"module module-plain-text tb_6o28754 \" data-lazy=\"1\">\n        <div class=\"tb_text_wrap\">\n    <div style=\"width: 100%\"><iframe loading=\"lazy\" width=\"100%\" height=\"400\" frameborder=\"0\" scrolling=\"no\" marginheight=\"0\" marginwidth=\"0\" src=\"https:\/\/maps.google.com\/maps?width=100%25&amp;height=600&amp;hl=en&amp;q=Veetorni%205%20J%C3%BCri+(My%20Business%20Name)&amp;t=&amp;z=16&amp;ie=UTF8&amp;iwloc=B&amp;output=embed\"><a href=\"https:\/\/www.gps.ie\/\">gps devices<\/a><\/iframe><\/div>    <\/div>\n<\/div>\n<!-- \/module plain text -->        <\/div>\n                    <div  data-lazy=\"1\" class=\"module_column sub_column col4-2 tb_x3fg12 last\">\n                    <!-- module image -->\n<div  class=\"module module-image tb_eawb622 image-top   tf_mw\" data-lazy=\"1\">\n        <div class=\"image-wrap tf_rel tf_mw\">\n            <a href=\"https:\/\/itaaliapitsa.ee\/wp-content\/uploads\/2024\/02\/kisok.jpg\" class=\"lightbox-builder themify_lightbox\">\n                   <img decoding=\"async\" src=\"https:\/\/itaaliapitsa.ee\/wp-content\/uploads\/2024\/02\/kisok-533x400.jpg\" height=\"400\" class=\"wp-post-image wp-image-459\" title=\"kisok\" alt=\"kisok\" srcset=\"https:\/\/itaaliapitsa.ee\/wp-content\/uploads\/2024\/02\/kisok-533x400.jpg 533w, https:\/\/itaaliapitsa.ee\/wp-content\/uploads\/2024\/02\/kisok-300x225.jpg 300w, https:\/\/itaaliapitsa.ee\/wp-content\/uploads\/2024\/02\/kisok-768x576.jpg 768w, https:\/\/itaaliapitsa.ee\/wp-content\/uploads\/2024\/02\/kisok.jpg 920w\" sizes=\"(max-width: 533px) 100vw, 533px\" \/>        <\/a>\n    \n        <\/div>\n    <!-- \/image-wrap -->\n    \n        <\/div>\n<!-- \/module image -->        <\/div>\n                    <\/div>\n                <\/div>\n                        <\/div>\n        <\/div>\n                        <div  data-css_id=\"fpm1284\" data-lazy=\"1\" class=\"module_row themify_builder_row fullwidth_row_container tb_fpm1284 tf_w\">\n                        <div class=\"row_inner col_align_top tb_col_count_1 tf_box tf_rel\">\n                        <div  data-lazy=\"1\" class=\"module_column tb-column col-full tb_w4sy284 tb_gs525d7 first\">\n                    <!-- module text -->\n<div  class=\"module module-text tb_nyru918   \" data-lazy=\"1\">\n        <div  class=\"tb_text_wrap\">\n        <h2><strong>P\u00c4RNU ITAALIAPITSA \/ GOURMET COFFEE SHOP:<\/strong><\/h2>\n    <\/div>\n<\/div>\n<!-- \/module text --><!-- module text -->\n<div  class=\"module module-text tb_icy0403   \" data-lazy=\"1\">\n        <div  class=\"tb_text_wrap\">\n        <p><strong>COMPANY DETAILS:<\/strong><\/p>\n<p>Workpoint O\u00dc<br>Reg. code: 14249996<br>M\u00f5isa tee 8-29, J\u00fcri alevik, Rae vald, Harju maakond, 75301<\/p>\n<p><strong>BANK INFORMATION:<\/strong><br>Account no: EE181010220261708225<br>SWIFT code\/BIC: EEUHEE2X<br>Bank: SEB Pank\u00a0AS<br>Country: Estonia<\/p>\n<p><a href=\"tel:+372505636\">+372 50 56 36<\/a><\/p>    <\/div>\n<\/div>\n<!-- \/module text -->        <div  data-lazy=\"1\" class=\"module_subrow themify_builder_sub_row tf_w col_align_top tb_col_count_2 tb_uoes761\">\n                <div  data-lazy=\"1\" class=\"module_column sub_column col4-2 tb_efkm761 first\">\n                    <!-- module plain text -->\n<div  class=\"module module-plain-text tb_35tl577 \" data-lazy=\"1\">\n        <div class=\"tb_text_wrap\">\n    <div style=\"width: 100%\"><iframe loading=\"lazy\" width=\"100%\" height=\"400\" frameborder=\"0\" scrolling=\"no\" marginheight=\"0\" marginwidth=\"0\" src=\"https:\/\/maps.google.com\/maps?width=100%25&amp;height=600&amp;hl=en&amp;q=Papiniidu%2017a+(My%20Business%20Name)&amp;t=&amp;z=16&amp;ie=UTF8&amp;iwloc=B&amp;output=embed\"><a href=\"https:\/\/www.gps.ie\/\">gps devices<\/a><\/iframe><\/div>    <\/div>\n<\/div>\n<!-- \/module plain text -->        <\/div>\n                    <div  data-lazy=\"1\" class=\"module_column sub_column col4-2 tb_vgfh761 last\">\n                    <!-- module image -->\n<div  class=\"module module-image tb_mgoi977 image-top   tf_mw\" data-lazy=\"1\">\n        <div class=\"image-wrap tf_rel tf_mw\">\n            <a href=\"https:\/\/itaaliapitsa.ee\/wp-content\/uploads\/2024\/02\/Parnu-pitsa-asukoht-nooltega-1.png\" class=\"lightbox-builder themify_lightbox\">\n                   <img decoding=\"async\" src=\"https:\/\/itaaliapitsa.ee\/wp-content\/uploads\/2024\/02\/Parnu-pitsa-asukoht-nooltega-1-514x400.png\" height=\"400\" class=\"wp-post-image wp-image-460\" title=\"P\u00e4rnu-pitsa-asukoht-nooltega-1\" alt=\"P\u00e4rnu-pitsa-asukoht-nooltega-1\" srcset=\"https:\/\/itaaliapitsa.ee\/wp-content\/uploads\/2024\/02\/Parnu-pitsa-asukoht-nooltega-1-514x400.png 514w, https:\/\/itaaliapitsa.ee\/wp-content\/uploads\/2024\/02\/Parnu-pitsa-asukoht-nooltega-1-300x233.png 300w, https:\/\/itaaliapitsa.ee\/wp-content\/uploads\/2024\/02\/Parnu-pitsa-asukoht-nooltega-1-768x597.png 768w, https:\/\/itaaliapitsa.ee\/wp-content\/uploads\/2024\/02\/Parnu-pitsa-asukoht-nooltega-1.png 800w\" sizes=\"(max-width: 514px) 100vw, 514px\" \/>        <\/a>\n    \n        <\/div>\n    <!-- \/image-wrap -->\n    \n        <\/div>\n<!-- \/module image -->        <\/div>\n                    <\/div>\n                <\/div>\n                        <\/div>\n        <\/div>\n        <\/div>\n<!--\/themify_builder_content-->","protected":false},"excerpt":{"rendered":"<p>Contact<\/p>\n","protected":false},"author":1,"featured_media":0,"parent":0,"menu_order":0,"comment_status":"closed","ping_status":"closed","template":"","meta":{"footnotes":""},"class_list":["post-543","page","type-page","status-publish","hentry","has-post-title","has-post-date","has-post-category","has-post-tag","has-post-comment","has-post-author",""],"yoast_head":"<!-- This site is optimized with the Yoast SEO plugin v27.2 - https:\/\/yoast.com\/product\/yoast-seo-wordpress\/ -->\n<title>Contact - Itaaliapitsa.ee<\/title>\n<meta name=\"robots\" content=\"index, follow, max-snippet:-1, max-image-preview:large, max-video-preview:-1\" \/>\n<link rel=\"canonical\" href=\"https:\/\/itaaliapitsa.ee\/en\/kontakt\/\" \/>\n<meta property=\"og:locale\" content=\"en_US\" \/>\n<meta property=\"og:type\" content=\"article\" \/>\n<meta property=\"og:title\" content=\"Contact - Itaaliapitsa.ee\" \/>\n<meta property=\"og:description\" content=\"Contact\" \/>\n<meta property=\"og:url\" content=\"https:\/\/itaaliapitsa.ee\/en\/kontakt\/\" \/>\n<meta property=\"og:site_name\" content=\"Itaaliapitsa.ee\" \/>\n<meta property=\"article:publisher\" content=\"https:\/\/www.facebook.com\/itaaliapitsa.ee\/?locale=et_EE\" \/>\n<meta property=\"article:modified_time\" content=\"2024-02-23T09:40:11+00:00\" \/>\n<meta property=\"og:image\" content=\"https:\/\/itaaliapitsa.ee\/wp-content\/uploads\/2024\/02\/kisok-533x400.jpg\" \/>\n<meta name=\"twitter:card\" content=\"summary_large_image\" \/>\n<script type=\"application\/ld+json\" class=\"yoast-schema-graph\">{\"@context\":\"https:\/\/schema.org\",\"@graph\":[{\"@type\":\"WebPage\",\"@id\":\"https:\/\/itaaliapitsa.ee\/en\/kontakt\/\",\"url\":\"https:\/\/itaaliapitsa.ee\/en\/kontakt\/\",\"name\":\"Contact - Itaaliapitsa.ee\",\"isPartOf\":{\"@id\":\"https:\/\/itaaliapitsa.ee\/en\/#website\"},\"primaryImageOfPage\":{\"@id\":\"https:\/\/itaaliapitsa.ee\/en\/kontakt\/#primaryimage\"},\"image\":{\"@id\":\"https:\/\/itaaliapitsa.ee\/en\/kontakt\/#primaryimage\"},\"thumbnailUrl\":\"https:\/\/itaaliapitsa.ee\/wp-content\/uploads\/2024\/02\/kisok-533x400.jpg\",\"datePublished\":\"2024-02-22T16:05:16+00:00\",\"dateModified\":\"2024-02-23T09:40:11+00:00\",\"breadcrumb\":{\"@id\":\"https:\/\/itaaliapitsa.ee\/en\/kontakt\/#breadcrumb\"},\"inLanguage\":\"en-US\",\"potentialAction\":[{\"@type\":\"ReadAction\",\"target\":[\"https:\/\/itaaliapitsa.ee\/en\/kontakt\/\"]}]},{\"@type\":\"ImageObject\",\"inLanguage\":\"en-US\",\"@id\":\"https:\/\/itaaliapitsa.ee\/en\/kontakt\/#primaryimage\",\"url\":\"https:\/\/itaaliapitsa.ee\/wp-content\/uploads\/2024\/02\/kisok-533x400.jpg\",\"contentUrl\":\"https:\/\/itaaliapitsa.ee\/wp-content\/uploads\/2024\/02\/kisok-533x400.jpg\"},{\"@type\":\"BreadcrumbList\",\"@id\":\"https:\/\/itaaliapitsa.ee\/en\/kontakt\/#breadcrumb\",\"itemListElement\":[{\"@type\":\"ListItem\",\"position\":1,\"name\":\"Home\",\"item\":\"https:\/\/itaaliapitsa.ee\/\"},{\"@type\":\"ListItem\",\"position\":2,\"name\":\"Contact\"}]},{\"@type\":\"WebSite\",\"@id\":\"https:\/\/itaaliapitsa.ee\/en\/#website\",\"url\":\"https:\/\/itaaliapitsa.ee\/en\/\",\"name\":\"Itaaliapitsa.ee\",\"description\":\"\",\"publisher\":{\"@id\":\"https:\/\/itaaliapitsa.ee\/en\/#organization\"},\"potentialAction\":[{\"@type\":\"SearchAction\",\"target\":{\"@type\":\"EntryPoint\",\"urlTemplate\":\"https:\/\/itaaliapitsa.ee\/en\/?s={search_term_string}\"},\"query-input\":{\"@type\":\"PropertyValueSpecification\",\"valueRequired\":true,\"valueName\":\"search_term_string\"}}],\"inLanguage\":\"en-US\"},{\"@type\":\"Organization\",\"@id\":\"https:\/\/itaaliapitsa.ee\/en\/#organization\",\"name\":\"Itaaliapitsa.ee\",\"url\":\"https:\/\/itaaliapitsa.ee\/en\/\",\"logo\":{\"@type\":\"ImageObject\",\"inLanguage\":\"en-US\",\"@id\":\"https:\/\/itaaliapitsa.ee\/en\/#\/schema\/logo\/image\/\",\"url\":\"https:\/\/itaaliapitsa.ee\/wp-content\/uploads\/2024\/02\/Logomorethanjustcatering.png\",\"contentUrl\":\"https:\/\/itaaliapitsa.ee\/wp-content\/uploads\/2024\/02\/Logomorethanjustcatering.png\",\"width\":6945,\"height\":1667,\"caption\":\"Itaaliapitsa.ee\"},\"image\":{\"@id\":\"https:\/\/itaaliapitsa.ee\/en\/#\/schema\/logo\/image\/\"},\"sameAs\":[\"https:\/\/www.facebook.com\/itaaliapitsa.ee\/?locale=et_EE\"]}]}<\/script>\n<!-- \/ Yoast SEO plugin. -->","yoast_head_json":{"title":"Contact - Itaaliapitsa.ee","robots":{"index":"index","follow":"follow","max-snippet":"max-snippet:-1","max-image-preview":"max-image-preview:large","max-video-preview":"max-video-preview:-1"},"canonical":"https:\/\/itaaliapitsa.ee\/en\/kontakt\/","og_locale":"en_US","og_type":"article","og_title":"Contact - Itaaliapitsa.ee","og_description":"Contact","og_url":"https:\/\/itaaliapitsa.ee\/en\/kontakt\/","og_site_name":"Itaaliapitsa.ee","article_publisher":"https:\/\/www.facebook.com\/itaaliapitsa.ee\/?locale=et_EE","article_modified_time":"2024-02-23T09:40:11+00:00","og_image":[{"url":"https:\/\/itaaliapitsa.ee\/wp-content\/uploads\/2024\/02\/kisok-533x400.jpg","type":"","width":"","height":""}],"twitter_card":"summary_large_image","schema":{"@context":"https:\/\/schema.org","@graph":[{"@type":"WebPage","@id":"https:\/\/itaaliapitsa.ee\/en\/kontakt\/","url":"https:\/\/itaaliapitsa.ee\/en\/kontakt\/","name":"Contact - Itaaliapitsa.ee","isPartOf":{"@id":"https:\/\/itaaliapitsa.ee\/en\/#website"},"primaryImageOfPage":{"@id":"https:\/\/itaaliapitsa.ee\/en\/kontakt\/#primaryimage"},"image":{"@id":"https:\/\/itaaliapitsa.ee\/en\/kontakt\/#primaryimage"},"thumbnailUrl":"https:\/\/itaaliapitsa.ee\/wp-content\/uploads\/2024\/02\/kisok-533x400.jpg","datePublished":"2024-02-22T16:05:16+00:00","dateModified":"2024-02-23T09:40:11+00:00","breadcrumb":{"@id":"https:\/\/itaaliapitsa.ee\/en\/kontakt\/#breadcrumb"},"inLanguage":"en-US","potentialAction":[{"@type":"ReadAction","target":["https:\/\/itaaliapitsa.ee\/en\/kontakt\/"]}]},{"@type":"ImageObject","inLanguage":"en-US","@id":"https:\/\/itaaliapitsa.ee\/en\/kontakt\/#primaryimage","url":"https:\/\/itaaliapitsa.ee\/wp-content\/uploads\/2024\/02\/kisok-533x400.jpg","contentUrl":"https:\/\/itaaliapitsa.ee\/wp-content\/uploads\/2024\/02\/kisok-533x400.jpg"},{"@type":"BreadcrumbList","@id":"https:\/\/itaaliapitsa.ee\/en\/kontakt\/#breadcrumb","itemListElement":[{"@type":"ListItem","position":1,"name":"Home","item":"https:\/\/itaaliapitsa.ee\/"},{"@type":"ListItem","position":2,"name":"Contact"}]},{"@type":"WebSite","@id":"https:\/\/itaaliapitsa.ee\/en\/#website","url":"https:\/\/itaaliapitsa.ee\/en\/","name":"Itaaliapitsa.ee","description":"","publisher":{"@id":"https:\/\/itaaliapitsa.ee\/en\/#organization"},"potentialAction":[{"@type":"SearchAction","target":{"@type":"EntryPoint","urlTemplate":"https:\/\/itaaliapitsa.ee\/en\/?s={search_term_string}"},"query-input":{"@type":"PropertyValueSpecification","valueRequired":true,"valueName":"search_term_string"}}],"inLanguage":"en-US"},{"@type":"Organization","@id":"https:\/\/itaaliapitsa.ee\/en\/#organization","name":"Itaaliapitsa.ee","url":"https:\/\/itaaliapitsa.ee\/en\/","logo":{"@type":"ImageObject","inLanguage":"en-US","@id":"https:\/\/itaaliapitsa.ee\/en\/#\/schema\/logo\/image\/","url":"https:\/\/itaaliapitsa.ee\/wp-content\/uploads\/2024\/02\/Logomorethanjustcatering.png","contentUrl":"https:\/\/itaaliapitsa.ee\/wp-content\/uploads\/2024\/02\/Logomorethanjustcatering.png","width":6945,"height":1667,"caption":"Itaaliapitsa.ee"},"image":{"@id":"https:\/\/itaaliapitsa.ee\/en\/#\/schema\/logo\/image\/"},"sameAs":["https:\/\/www.facebook.com\/itaaliapitsa.ee\/?locale=et_EE"]}]}},"builder_content":"<h1><strong>Contact<\/strong><\/h1>\n<h2><strong>J\u00dcRI ITAALIAPITSA \/ GOURMET COFFEE SHOP:<\/strong><\/h2>\n<p><strong>COMPANY DETAILS:<\/strong><\/p> <p>Itaaliapitsa O\u00dc<br>Reg. code: : 12419000<br>M\u00f5isa tee 8-29, J\u00fcri alevik, Rae vald, Harju maakond, 75301<\/p> <p><strong>BANK INFORMATION:<\/strong><br>Swedbank AS EE212200221056822176<br>SWIFT code\/BIC: HABAEE2X<br>Bank: Swedbank AS<br>Country: Estonia<\/p> <p><a href=\"tel:+3725511234\">+372 55 11 234<\/a><\/p>\n<iframe loading=\"lazy\" width=\"100%\" height=\"400\" frameborder=\"0\" scrolling=\"no\" marginheight=\"0\" marginwidth=\"0\" src=\"https:\/\/maps.google.com\/maps?width=100%25&amp;height=600&amp;hl=en&amp;q=Veetorni%205%20J%C3%BCri+(My%20Business%20Name)&amp;t=&amp;z=16&amp;ie=UTF8&amp;iwloc=B&amp;output=embed\"><a href=\"https:\/\/www.gps.ie\/\">gps devices<\/a><\/iframe>\n<a href=\"https:\/\/itaaliapitsa.ee\/wp-content\/uploads\/2024\/02\/kisok.jpg\"> <img src=\"https:\/\/itaaliapitsa.ee\/wp-content\/uploads\/2024\/02\/kisok-533x400.jpg\" height=\"400\" title=\"kisok\" alt=\"kisok\" srcset=\"https:\/\/itaaliapitsa.ee\/wp-content\/uploads\/2024\/02\/kisok-533x400.jpg 533w, https:\/\/itaaliapitsa.ee\/wp-content\/uploads\/2024\/02\/kisok-300x225.jpg 300w, https:\/\/itaaliapitsa.ee\/wp-content\/uploads\/2024\/02\/kisok-768x576.jpg 768w, https:\/\/itaaliapitsa.ee\/wp-content\/uploads\/2024\/02\/kisok.jpg 920w\" sizes=\"(max-width: 533px) 100vw, 533px\" \/> <\/a>\n<h2><strong>P\u00c4RNU ITAALIAPITSA \/ GOURMET COFFEE SHOP:<\/strong><\/h2>\n<p><strong>COMPANY DETAILS:<\/strong><\/p> <p>Workpoint O\u00dc<br>Reg. code: 14249996<br>M\u00f5isa tee 8-29, J\u00fcri alevik, Rae vald, Harju maakond, 75301<\/p> <p><strong>BANK INFORMATION:<\/strong><br>Account no: EE181010220261708225<br>SWIFT code\/BIC: EEUHEE2X<br>Bank: SEB Pank\u00a0AS<br>Country: Estonia<\/p> <p><a href=\"tel:+372505636\">+372 50 56 36<\/a><\/p>\n<iframe loading=\"lazy\" width=\"100%\" height=\"400\" frameborder=\"0\" scrolling=\"no\" marginheight=\"0\" marginwidth=\"0\" src=\"https:\/\/maps.google.com\/maps?width=100%25&amp;height=600&amp;hl=en&amp;q=Papiniidu%2017a+(My%20Business%20Name)&amp;t=&amp;z=16&amp;ie=UTF8&amp;iwloc=B&amp;output=embed\"><a href=\"https:\/\/www.gps.ie\/\">gps devices<\/a><\/iframe>\n<a href=\"https:\/\/itaaliapitsa.ee\/wp-content\/uploads\/2024\/02\/Parnu-pitsa-asukoht-nooltega-1.png\"> <img src=\"https:\/\/itaaliapitsa.ee\/wp-content\/uploads\/2024\/02\/Parnu-pitsa-asukoht-nooltega-1-514x400.png\" height=\"400\" title=\"P\u00e4rnu-pitsa-asukoht-nooltega-1\" alt=\"P\u00e4rnu-pitsa-asukoht-nooltega-1\" srcset=\"https:\/\/itaaliapitsa.ee\/wp-content\/uploads\/2024\/02\/Parnu-pitsa-asukoht-nooltega-1-514x400.png 514w, https:\/\/itaaliapitsa.ee\/wp-content\/uploads\/2024\/02\/Parnu-pitsa-asukoht-nooltega-1-300x233.png 300w, https:\/\/itaaliapitsa.ee\/wp-content\/uploads\/2024\/02\/Parnu-pitsa-asukoht-nooltega-1-768x597.png 768w, https:\/\/itaaliapitsa.ee\/wp-content\/uploads\/2024\/02\/Parnu-pitsa-asukoht-nooltega-1.png 800w\" sizes=\"(max-width: 514px) 100vw, 514px\" \/> <\/a>","_links":{"self":[{"href":"https:\/\/itaaliapitsa.ee\/en\/wp-json\/wp\/v2\/pages\/543","targetHints":{"allow":["GET"]}}],"collection":[{"href":"https:\/\/itaaliapitsa.ee\/en\/wp-json\/wp\/v2\/pages"}],"about":[{"href":"https:\/\/itaaliapitsa.ee\/en\/wp-json\/wp\/v2\/types\/page"}],"author":[{"embeddable":true,"href":"https:\/\/itaaliapitsa.ee\/en\/wp-json\/wp\/v2\/users\/1"}],"replies":[{"embeddable":true,"href":"https:\/\/itaaliapitsa.ee\/en\/wp-json\/wp\/v2\/comments?post=543"}],"version-history":[{"count":5,"href":"https:\/\/itaaliapitsa.ee\/en\/wp-json\/wp\/v2\/pages\/543\/revisions"}],"predecessor-version":[{"id":551,"href":"https:\/\/itaaliapitsa.ee\/en\/wp-json\/wp\/v2\/pages\/543\/revisions\/551"}],"wp:attachment":[{"href":"https:\/\/itaaliapitsa.ee\/en\/wp-json\/wp\/v2\/media?parent=543"}],"curies":[{"name":"wp","href":"https:\/\/api.w.org\/{rel}","templated":true}]}}